{"id":193,"date":"2018-06-11T19:12:01","date_gmt":"2018-06-11T19:12:01","guid":{"rendered":"http:\/\/enjl.ee\/?page_id=193"},"modified":"2018-06-11T19:30:47","modified_gmt":"2018-06-11T19:30:47","slug":"ahistamisest","status":"publish","type":"page","link":"https:\/\/enjl.ee\/index.php\/ahistamisest\/","title":{"rendered":"Ahistamisest"},"content":{"rendered":"<p>ENJL asutas Ahistava J\u00e4litamise Vastase \u00dcmarlaua 18.11.2017. Eesm\u00e4rgiks filmida ise teavitavat ahistamisvastast videot. Klipp valmis 100% vabatahtlike panusega. Klipi eesm\u00e4rgiks on v\u00e4hendada naistevastast v\u00e4givalda. Ait\u00e4h k\u00f5ikidele vabatahtlikele ja toetajatele hingepuututava koost\u00f6\u00f6 eest. T\u00e4name Riigiprokuratuuri meie video jagamise eest!<\/p>\n<iframe loading=\"lazy\"  id=\"_ytid_56162\"  width=\"1170\" height=\"658\"  data-origwidth=\"1170\" data-origheight=\"658\" src=\"https:\/\/www.youtube.com\/embed\/7jlRAr7SEqg?enablejsapi=1&autoplay=0&cc_load_policy=0&cc_lang_pref=&iv_load_policy=1&loop=0&rel=1&fs=1&playsinline=0&autohide=2&theme=dark&color=red&controls=1&\" class=\"__youtube_prefs__  no-lazyload\" title=\"YouTube player\"  allow=\"fullscreen; accelerometer; autoplay; clipboard-write; encrypted-media; gyroscope; picture-in-picture\" allowfullscreen data-no-lazy=\"1\" data-skipgform_ajax_framebjll=\"\"><\/iframe>\n<p>&nbsp;<\/p>\n<iframe loading=\"lazy\"  id=\"_ytid_65000\"  width=\"1170\" height=\"658\"  data-origwidth=\"1170\" data-origheight=\"658\" src=\"https:\/\/www.youtube.com\/embed\/66I2UqyeTSA?enablejsapi=1&autoplay=0&cc_load_policy=0&cc_lang_pref=&iv_load_policy=1&loop=0&rel=1&fs=1&playsinline=0&autohide=2&theme=dark&color=red&controls=1&\" class=\"__youtube_prefs__  no-lazyload\" title=\"YouTube player\"  allow=\"fullscreen; accelerometer; autoplay; clipboard-write; encrypted-media; gyroscope; picture-in-picture\" allowfullscreen data-no-lazy=\"1\" data-skipgform_ajax_framebjll=\"\"><\/iframe>\n","protected":false},"excerpt":{"rendered":"<p>ENJL asutas Ahistava J\u00e4litamise Vastase \u00dcmarlaua 18.11.2017. Eesm\u00e4rgiks filmida ise teavitavat ahistamisvastast videot. Klipp valmis 100% vabatahtlike panusega. Klipi eesm\u00e4rgiks on v\u00e4hendada [&hellip;]<\/p>\n","protected":false},"author":1,"featured_media":0,"parent":0,"menu_order":0,"comment_status":"closed","ping_status":"closed","template":"","meta":{"_acf_changed":false,"footnotes":""},"class_list":["post-193","page","type-page","status-publish","hentry"],"acf":[],"_links":{"self":[{"href":"https:\/\/enjl.ee\/index.php\/wp-json\/wp\/v2\/pages\/193","targetHints":{"allow":["GET"]}}],"collection":[{"href":"https:\/\/enjl.ee\/index.php\/wp-json\/wp\/v2\/pages"}],"about":[{"href":"https:\/\/enjl.ee\/index.php\/wp-json\/wp\/v2\/types\/page"}],"author":[{"embeddable":true,"href":"https:\/\/enjl.ee\/index.php\/wp-json\/wp\/v2\/users\/1"}],"replies":[{"embeddable":true,"href":"https:\/\/enjl.ee\/index.php\/wp-json\/wp\/v2\/comments?post=193"}],"version-history":[{"count":3,"href":"https:\/\/enjl.ee\/index.php\/wp-json\/wp\/v2\/pages\/193\/revisions"}],"predecessor-version":[{"id":200,"href":"https:\/\/enjl.ee\/index.php\/wp-json\/wp\/v2\/pages\/193\/revisions\/200"}],"wp:attachment":[{"href":"https:\/\/enjl.ee\/index.php\/wp-json\/wp\/v2\/media?parent=193"}],"curies":[{"name":"wp","href":"https:\/\/api.w.org\/{rel}","templated":true}]}}